{"id":1174,"date":"2024-07-08T09:26:01","date_gmt":"2024-07-08T13:26:01","guid":{"rendered":"https:\/\/monsieursaucisse.com\/online-store\/"},"modified":"2024-07-08T09:26:02","modified_gmt":"2024-07-08T13:26:02","slug":"online-store","status":"publish","type":"page","link":"https:\/\/monsieursaucisse.com\/en\/online-store\/","title":{"rendered":"Online Store"},"content":{"rendered":"<p>[et_pb_section fb_built=&#8221;1&#8243; custom_padding_last_edited=&#8221;on|desktop&#8221; _builder_version=&#8221;4.25.1&#8243; _module_preset=&#8221;default&#8221; background_image=&#8221;https:\/\/monsieursaucisse.com\/wp-content\/uploads\/2024\/05\/Background-boutique.jpg&#8221; custom_padding=&#8221;115px||115px||true|false&#8221; custom_padding_tablet=&#8221;75px||75px||true|false&#8221; custom_padding_phone=&#8221;60px||60px||true|false&#8221; hover_enabled=&#8221;0&#8243; global_colors_info=&#8221;{}&#8221; admin_label=&#8221;Boutique en ligne&#8221; sticky_enabled=&#8221;0&#8243;][et_pb_row module_class=&#8221;row-90 row-header&#8221; _builder_version=&#8221;4.24.2&#8243; _module_preset=&#8221;default&#8221; animation_style=&#8221;slide&#8221; animation_duration=&#8221;1200ms&#8221; global_colors_info=&#8221;{}&#8221;][et_pb_column type=&#8221;4_4&#8243; _builder_version=&#8221;4.24.2&#8243; _module_preset=&#8221;default&#8221; global_colors_info=&#8221;{}&#8221;][et_pb_text _builder_version=&#8221;4.25.1&#8243; _module_preset=&#8221;357ceeb2-3636-4089-bbac-d30a66180ffb&#8221; hover_enabled=&#8221;0&#8243; global_colors_info=&#8221;{}&#8221; admin_label=&#8221;Boutique&#8221; sticky_enabled=&#8221;0&#8243;]<\/p>\n<h1>Shop<\/h1>\n<p>[\/et_pb_text][\/et_pb_column][\/et_pb_row][\/et_pb_section][et_pb_section fb_built=&#8221;1&#8243; _builder_version=&#8221;4.25.1&#8243; _module_preset=&#8221;default&#8221; custom_padding=&#8221;0px||0px||true|false&#8221; global_colors_info=&#8221;{}&#8221;][et_pb_row column_structure=&#8221;1_2,1_2&#8243; use_custom_gutter=&#8221;on&#8221; gutter_width=&#8221;1&#8243; make_equal=&#8221;on&#8221; module_class=&#8221;row-produits&#8221; _builder_version=&#8221;4.25.1&#8243; _module_preset=&#8221;default&#8221; width=&#8221;100%&#8221; width_tablet=&#8221;100%&#8221; width_phone=&#8221;100%&#8221; max_width=&#8221;100%&#8221; custom_padding=&#8221;0px||0px||true|false&#8221; global_colors_info=&#8221;{}&#8221;][et_pb_column type=&#8221;1_2&#8243; module_class=&#8221;colonne-mayonnaise&#8221; _builder_version=&#8221;4.25.1&#8243; _module_preset=&#8221;default&#8221; background_image=&#8221;https:\/\/monsieursaucisse.com\/wp-content\/uploads\/2024\/05\/mayonnaise_background.jpg&#8221; custom_padding=&#8221;6%|15px|6%|15px|true|true&#8221; custom_padding_tablet=&#8221;15%||15%||true|false&#8221; custom_padding_phone=&#8221;15%||15%||true|false&#8221; custom_padding_last_edited=&#8221;on|desktop&#8221; custom_css_main_element=&#8221;display: -webkit-box;||  display: -moz-box;||  display: -webkit-flex;||  display: -ms-flexbox;||  display: flex;||||-webkit-justify-content:center;||justify-content:center;||||-moz-flex-direction:column;||-ms-flex-direction:column;||-webkit-flex-direction:column;||flex-direction:column;&#8221; global_colors_info=&#8221;{}&#8221; background__hover_enabled=&#8221;on|hover&#8221; background_image__hover=&#8221;https:\/\/monsieursaucisse.com\/wp-content\/uploads\/2024\/05\/mayonnaise_background_hover.jpg&#8221; background_enable_image__hover=&#8221;on&#8221;][et_pb_image src=&#8221;https:\/\/monsieursaucisse.com\/wp-content\/uploads\/2024\/05\/DJP_5951-1.png&#8221; title_text=&#8221;DJP_5951&#8243; align=&#8221;center&#8221; _builder_version=&#8221;4.25.1&#8243; _module_preset=&#8221;default&#8221; width=&#8221;65%&#8221; width_tablet=&#8221;70%&#8221; width_phone=&#8221;90%&#8221; width_last_edited=&#8221;on|desktop&#8221; custom_margin=&#8221;||20px||false|false&#8221; custom_margin_tablet=&#8221;||20px||false|false&#8221; custom_margin_phone=&#8221;||20px||false|false&#8221; custom_margin_last_edited=&#8221;on|desktop&#8221; global_colors_info=&#8221;{}&#8221;][\/et_pb_image][et_pb_text _builder_version=&#8221;4.25.1&#8243; _module_preset=&#8221;448b63c9-05ed-4671-a2eb-ec327f23200a&#8221; header_2_text_align=&#8221;center&#8221; header_2_text_color=&#8221;#B2B2B2&#8243; header_2_font_size=&#8221;90px&#8221; hover_enabled=&#8221;0&#8243; header_2_font_size_tablet=&#8221;60px&#8221; header_2_font_size_phone=&#8221;35px&#8221; global_colors_info=&#8221;{}&#8221; header_2_text_color__hover_enabled=&#8221;on|hover&#8221; header_2_text_color__hover=&#8221;#FFFFFF&#8221; admin_label=&#8221;Mayonnaise&#8221; sticky_enabled=&#8221;0&#8243;]<\/p>\n<h2>Mayonnaise<\/h2>\n<p>[\/et_pb_text][et_pb_button button_url=&#8221;https:\/\/monsieursaucisse.com\/en\/product category\/our-mayonnaises\/&#8221; button_text=&#8221;See our products&#8221; button_alignment=&#8221;center&#8221; _builder_version=&#8221;4.25.1&#8243; _module_preset=&#8221;default&#8221; custom_button=&#8221;on&#8221; button_text_size=&#8221;25px&#8221; button_font=&#8221;|800||on|||||&#8221; custom_margin=&#8221;||20px||false|false&#8221; custom_margin_tablet=&#8221;||20px||false|false&#8221; custom_margin_phone=&#8221;||20px||false|false&#8221; custom_margin_last_edited=&#8221;on|desktop&#8221; hover_enabled=&#8221;0&#8243; button_text_size_tablet=&#8221;20px&#8221; button_text_size_phone=&#8221;18px&#8221; button_text_size_last_edited=&#8221;on|desktop&#8221; global_colors_info=&#8221;{}&#8221; admin_label=&#8221;Voir nos produits&#8221; sticky_enabled=&#8221;0&#8243;][\/et_pb_button][\/et_pb_column][et_pb_column type=&#8221;1_2&#8243; module_class=&#8221;colonne-a-cote&#8221; _builder_version=&#8221;4.25.1&#8243; _module_preset=&#8221;default&#8221; background_image=&#8221;https:\/\/monsieursaucisse.com\/wp-content\/uploads\/2024\/05\/a-cote-background.jpg&#8221; custom_padding=&#8221;6%|15px|6%|15px|true|true&#8221; custom_padding_tablet=&#8221;15%||15%||true|false&#8221; custom_padding_phone=&#8221;15%||15%||true|false&#8221; custom_padding_last_edited=&#8221;on|desktop&#8221; custom_css_main_element=&#8221;display: -webkit-box;||  display: -moz-box;||  display: -webkit-flex;||  display: -ms-flexbox;||  display: flex;||||||-webkit-justify-content:center;||justify-content:center;||||-moz-flex-direction:column;||-ms-flex-direction:column;||-webkit-flex-direction:column;||flex-direction:column;&#8221; global_colors_info=&#8221;{}&#8221; background__hover_enabled=&#8221;on|hover&#8221; background_image__hover=&#8221;https:\/\/monsieursaucisse.com\/wp-content\/uploads\/2024\/05\/a-cote-background-hover.jpg&#8221; background_enable_image__hover=&#8221;on&#8221;][et_pb_image src=&#8221;https:\/\/monsieursaucisse.com\/wp-content\/uploads\/2024\/05\/Oreilles-de-crisse.png&#8221; title_text=&#8221;Oreilles-de-crisse&#8221; _builder_version=&#8221;4.25.1&#8243; _module_preset=&#8221;default&#8221; width=&#8221;40%&#8221; width_tablet=&#8221;55%&#8221; width_phone=&#8221;75%&#8221; width_last_edited=&#8221;on|desktop&#8221; module_alignment=&#8221;center&#8221; custom_margin=&#8221;||20px||false|false&#8221; global_colors_info=&#8221;{}&#8221;][\/et_pb_image][et_pb_text _builder_version=&#8221;4.25.1&#8243; _module_preset=&#8221;448b63c9-05ed-4671-a2eb-ec327f23200a&#8221; header_2_text_align=&#8221;center&#8221; header_2_text_color=&#8221;#B2B2B2&#8243; header_2_font_size=&#8221;90px&#8221; hover_enabled=&#8221;0&#8243; header_2_font_size_phone=&#8221;35px&#8221; global_colors_info=&#8221;{}&#8221; header_2_text_color__hover_enabled=&#8221;on|hover&#8221; header_2_text_color__hover=&#8221;#FFFFFF&#8221; admin_label=&#8221;\u00c0 C\u00f4t\u00e9&#8221; sticky_enabled=&#8221;0&#8243;]<\/p>\n<h2>Side dish<\/h2>\n<p>[\/et_pb_text][et_pb_button button_url=&#8221;https:\/\/monsieursaucisse.com\/en\/product category\/our-side-dishes\/&#8221; button_text=&#8221;See our products&#8221; button_alignment=&#8221;center&#8221; _builder_version=&#8221;4.25.1&#8243; _module_preset=&#8221;default&#8221; custom_button=&#8221;on&#8221; button_text_size=&#8221;25px&#8221; button_font=&#8221;|800||on|||||&#8221; custom_margin=&#8221;||20px||false|false&#8221; custom_margin_tablet=&#8221;||20px||false|false&#8221; custom_margin_phone=&#8221;||20px||false|false&#8221; custom_margin_last_edited=&#8221;on|desktop&#8221; hover_enabled=&#8221;0&#8243; button_text_size_tablet=&#8221;20px&#8221; button_text_size_phone=&#8221;18px&#8221; button_text_size_last_edited=&#8221;on|desktop&#8221; global_colors_info=&#8221;{}&#8221; admin_label=&#8221;Voir nos produits&#8221; sticky_enabled=&#8221;0&#8243;][\/et_pb_button][\/et_pb_column][\/et_pb_row][\/et_pb_section]<\/p>\n","protected":false},"excerpt":{"rendered":"<p>ShopMayonnaiseSide dish<\/p>\n","protected":false},"author":1,"featured_media":0,"parent":0,"menu_order":0,"comment_status":"closed","ping_status":"closed","template":"","meta":{"_et_pb_use_builder":"on","_et_pb_old_content":"","_et_gb_content_width":"","footnotes":""},"dipi_cpt_category":[],"class_list":["post-1174","page","type-page","status-publish","hentry"],"yoast_head":"<!-- This site is optimized with the Yoast SEO plugin v27.5 - https:\/\/yoast.com\/product\/yoast-seo-wordpress\/ -->\n<title>Online Store | Monsieur Saucisse<\/title>\n<meta name=\"robots\" content=\"index, follow, max-snippet:-1, max-image-preview:large, max-video-preview:-1\" \/>\n<link rel=\"canonical\" href=\"https:\/\/monsieursaucisse.com\/en\/online-store\/\" \/>\n<meta property=\"og:locale\" content=\"en_US\" \/>\n<meta property=\"og:type\" content=\"article\" \/>\n<meta property=\"og:title\" content=\"Online Store | Monsieur Saucisse\" \/>\n<meta property=\"og:description\" content=\"ShopMayonnaiseSide dish\" \/>\n<meta property=\"og:url\" content=\"https:\/\/monsieursaucisse.com\/en\/online-store\/\" \/>\n<meta property=\"og:site_name\" content=\"Monsieur Saucisse\" \/>\n<meta property=\"article:modified_time\" content=\"2024-07-08T13:26:02+00:00\" \/>\n<meta name=\"twitter:card\" content=\"summary_large_image\" \/>\n<meta name=\"twitter:label1\" content=\"Est. reading time\" \/>\n\t<meta name=\"twitter:data1\" content=\"4 minutes\" \/>\n<script type=\"application\/ld+json\" class=\"yoast-schema-graph\">{\"@context\":\"https:\\\/\\\/schema.org\",\"@graph\":[{\"@type\":\"WebPage\",\"@id\":\"https:\\\/\\\/monsieursaucisse.com\\\/en\\\/online-store\\\/\",\"url\":\"https:\\\/\\\/monsieursaucisse.com\\\/en\\\/online-store\\\/\",\"name\":\"Online Store | Monsieur Saucisse\",\"isPartOf\":{\"@id\":\"https:\\\/\\\/monsieursaucisse.com\\\/en\\\/#website\"},\"datePublished\":\"2024-07-08T13:26:01+00:00\",\"dateModified\":\"2024-07-08T13:26:02+00:00\",\"breadcrumb\":{\"@id\":\"https:\\\/\\\/monsieursaucisse.com\\\/en\\\/online-store\\\/#breadcrumb\"},\"inLanguage\":\"en-US\",\"potentialAction\":[{\"@type\":\"ReadAction\",\"target\":[\"https:\\\/\\\/monsieursaucisse.com\\\/en\\\/online-store\\\/\"]}]},{\"@type\":\"BreadcrumbList\",\"@id\":\"https:\\\/\\\/monsieursaucisse.com\\\/en\\\/online-store\\\/#breadcrumb\",\"itemListElement\":[{\"@type\":\"ListItem\",\"position\":1,\"name\":\"Accueil\",\"item\":\"https:\\\/\\\/monsieursaucisse.com\\\/en\\\/\"},{\"@type\":\"ListItem\",\"position\":2,\"name\":\"Online Store\"}]},{\"@type\":\"WebSite\",\"@id\":\"https:\\\/\\\/monsieursaucisse.com\\\/en\\\/#website\",\"url\":\"https:\\\/\\\/monsieursaucisse.com\\\/en\\\/\",\"name\":\"Monsieur Saucisse\",\"description\":\"Pasionn\u00e9 de l&#039;art culinaire\",\"potentialAction\":[{\"@type\":\"SearchAction\",\"target\":{\"@type\":\"EntryPoint\",\"urlTemplate\":\"https:\\\/\\\/monsieursaucisse.com\\\/en\\\/?s={search_term_string}\"},\"query-input\":{\"@type\":\"PropertyValueSpecification\",\"valueRequired\":true,\"valueName\":\"search_term_string\"}}],\"inLanguage\":\"en-US\"}]}<\/script>\n<!-- \/ Yoast SEO plugin. -->","yoast_head_json":{"title":"Online Store | Monsieur Saucisse","robots":{"index":"index","follow":"follow","max-snippet":"max-snippet:-1","max-image-preview":"max-image-preview:large","max-video-preview":"max-video-preview:-1"},"canonical":"https:\/\/monsieursaucisse.com\/en\/online-store\/","og_locale":"en_US","og_type":"article","og_title":"Online Store | Monsieur Saucisse","og_description":"ShopMayonnaiseSide dish","og_url":"https:\/\/monsieursaucisse.com\/en\/online-store\/","og_site_name":"Monsieur Saucisse","article_modified_time":"2024-07-08T13:26:02+00:00","twitter_card":"summary_large_image","twitter_misc":{"Est. reading time":"4 minutes"},"schema":{"@context":"https:\/\/schema.org","@graph":[{"@type":"WebPage","@id":"https:\/\/monsieursaucisse.com\/en\/online-store\/","url":"https:\/\/monsieursaucisse.com\/en\/online-store\/","name":"Online Store | Monsieur Saucisse","isPartOf":{"@id":"https:\/\/monsieursaucisse.com\/en\/#website"},"datePublished":"2024-07-08T13:26:01+00:00","dateModified":"2024-07-08T13:26:02+00:00","breadcrumb":{"@id":"https:\/\/monsieursaucisse.com\/en\/online-store\/#breadcrumb"},"inLanguage":"en-US","potentialAction":[{"@type":"ReadAction","target":["https:\/\/monsieursaucisse.com\/en\/online-store\/"]}]},{"@type":"BreadcrumbList","@id":"https:\/\/monsieursaucisse.com\/en\/online-store\/#breadcrumb","itemListElement":[{"@type":"ListItem","position":1,"name":"Accueil","item":"https:\/\/monsieursaucisse.com\/en\/"},{"@type":"ListItem","position":2,"name":"Online Store"}]},{"@type":"WebSite","@id":"https:\/\/monsieursaucisse.com\/en\/#website","url":"https:\/\/monsieursaucisse.com\/en\/","name":"Monsieur Saucisse","description":"Pasionn\u00e9 de l&#039;art culinaire","potentialAction":[{"@type":"SearchAction","target":{"@type":"EntryPoint","urlTemplate":"https:\/\/monsieursaucisse.com\/en\/?s={search_term_string}"},"query-input":{"@type":"PropertyValueSpecification","valueRequired":true,"valueName":"search_term_string"}}],"inLanguage":"en-US"}]}},"_links":{"self":[{"href":"https:\/\/monsieursaucisse.com\/en\/wp-json\/wp\/v2\/pages\/1174","targetHints":{"allow":["GET"]}}],"collection":[{"href":"https:\/\/monsieursaucisse.com\/en\/wp-json\/wp\/v2\/pages"}],"about":[{"href":"https:\/\/monsieursaucisse.com\/en\/wp-json\/wp\/v2\/types\/page"}],"author":[{"embeddable":true,"href":"https:\/\/monsieursaucisse.com\/en\/wp-json\/wp\/v2\/users\/1"}],"replies":[{"embeddable":true,"href":"https:\/\/monsieursaucisse.com\/en\/wp-json\/wp\/v2\/comments?post=1174"}],"version-history":[{"count":2,"href":"https:\/\/monsieursaucisse.com\/en\/wp-json\/wp\/v2\/pages\/1174\/revisions"}],"predecessor-version":[{"id":1176,"href":"https:\/\/monsieursaucisse.com\/en\/wp-json\/wp\/v2\/pages\/1174\/revisions\/1176"}],"wp:attachment":[{"href":"https:\/\/monsieursaucisse.com\/en\/wp-json\/wp\/v2\/media?parent=1174"}],"wp:term":[{"taxonomy":"dipi_cpt_category","embeddable":true,"href":"https:\/\/monsieursaucisse.com\/en\/wp-json\/wp\/v2\/dipi_cpt_category?post=1174"}],"curies":[{"name":"wp","href":"https:\/\/api.w.org\/{rel}","templated":true}]}}