{"id":1165,"date":"2024-06-12T10:58:23","date_gmt":"2024-06-12T14:58:23","guid":{"rendered":"https:\/\/monsieursaucisse.com\/produit\/maple-mayonnaise\/"},"modified":"2024-06-12T10:58:23","modified_gmt":"2024-06-12T14:58:23","slug":"maple-mayonnaise","status":"publish","type":"product","link":"https:\/\/monsieursaucisse.com\/en\/produit\/maple-mayonnaise\/","title":{"rendered":"Maple Mayonnaise"},"content":{"rendered":"<p>Since there&#8217;s nothing more Qu\u00e9b\u00e9cois than a maple condiment, Monsieur Saucisse&#8217;s Mayonnaise \u00c9rable is the reference par excellence for offering authentic traditional succulence to your guests. Equally versatile, it&#8217;s a perfect match for fish, French fries and red meats. Try it as a dip for your crudit\u00e9s for a New Year&#8217;s Day party in your mouth!<\/p>\n","protected":false},"excerpt":{"rendered":"<p>Canola oil, whole eggs, water, egg yolk, vinegar, sugar, salt, lemon juice concentrate, mustard, calcium disodium EDTA, maple seasoning mix,<\/p>\n","protected":false},"featured_media":1044,"template":"","meta":{"_et_pb_use_builder":"","_et_pb_old_content":"","_et_gb_content_width":""},"product_brand":[],"product_cat":[43],"product_tag":[],"class_list":{"0":"post-1165","1":"product","2":"type-product","3":"status-publish","4":"has-post-thumbnail","6":"product_cat-our-mayonnaises","8":"first","9":"instock","10":"purchasable","11":"product-type-simple"},"yoast_head":"<!-- This site is optimized with the Yoast SEO plugin v27.3 - https:\/\/yoast.com\/product\/yoast-seo-wordpress\/ -->\n<title>Maple Mayonnaise - Monsieur Saucisse<\/title>\n<meta name=\"robots\" content=\"index, follow, max-snippet:-1, max-image-preview:large, max-video-preview:-1\" \/>\n<link rel=\"canonical\" href=\"https:\/\/monsieursaucisse.com\/en\/produit\/maple-mayonnaise\/\" \/>\n<meta property=\"og:locale\" content=\"en_US\" \/>\n<meta property=\"og:type\" content=\"article\" \/>\n<meta property=\"og:title\" content=\"Maple Mayonnaise - Monsieur Saucisse\" \/>\n<meta property=\"og:description\" content=\"Canola oil, whole eggs, water, egg yolk, vinegar, sugar, salt, lemon juice concentrate, mustard, calcium disodium EDTA, maple seasoning mix,\" \/>\n<meta property=\"og:url\" content=\"https:\/\/monsieursaucisse.com\/en\/produit\/maple-mayonnaise\/\" \/>\n<meta property=\"og:site_name\" content=\"Monsieur Saucisse\" \/>\n<meta property=\"og:image\" content=\"https:\/\/monsieursaucisse.com\/wp-content\/uploads\/2024\/06\/Mayonnaise-Erable.png\" \/>\n\t<meta property=\"og:image:width\" content=\"754\" \/>\n\t<meta property=\"og:image:height\" content=\"730\" \/>\n\t<meta property=\"og:image:type\" content=\"image\/png\" \/>\n<meta name=\"twitter:card\" content=\"summary_large_image\" \/>\n<script type=\"application\/ld+json\" class=\"yoast-schema-graph\">{\"@context\":\"https:\\\/\\\/schema.org\",\"@graph\":[{\"@type\":\"WebPage\",\"@id\":\"https:\\\/\\\/monsieursaucisse.com\\\/en\\\/produit\\\/maple-mayonnaise\\\/\",\"url\":\"https:\\\/\\\/monsieursaucisse.com\\\/en\\\/produit\\\/maple-mayonnaise\\\/\",\"name\":\"Maple Mayonnaise - Monsieur Saucisse\",\"isPartOf\":{\"@id\":\"https:\\\/\\\/monsieursaucisse.com\\\/en\\\/#website\"},\"primaryImageOfPage\":{\"@id\":\"https:\\\/\\\/monsieursaucisse.com\\\/en\\\/produit\\\/maple-mayonnaise\\\/#primaryimage\"},\"image\":{\"@id\":\"https:\\\/\\\/monsieursaucisse.com\\\/en\\\/produit\\\/maple-mayonnaise\\\/#primaryimage\"},\"thumbnailUrl\":\"https:\\\/\\\/monsieursaucisse.com\\\/wp-content\\\/uploads\\\/2024\\\/06\\\/Mayonnaise-Erable.png\",\"datePublished\":\"2024-06-12T14:58:23+00:00\",\"breadcrumb\":{\"@id\":\"https:\\\/\\\/monsieursaucisse.com\\\/en\\\/produit\\\/maple-mayonnaise\\\/#breadcrumb\"},\"inLanguage\":\"en-US\",\"potentialAction\":[{\"@type\":\"ReadAction\",\"target\":[\"https:\\\/\\\/monsieursaucisse.com\\\/en\\\/produit\\\/maple-mayonnaise\\\/\"]}]},{\"@type\":\"ImageObject\",\"inLanguage\":\"en-US\",\"@id\":\"https:\\\/\\\/monsieursaucisse.com\\\/en\\\/produit\\\/maple-mayonnaise\\\/#primaryimage\",\"url\":\"https:\\\/\\\/monsieursaucisse.com\\\/wp-content\\\/uploads\\\/2024\\\/06\\\/Mayonnaise-Erable.png\",\"contentUrl\":\"https:\\\/\\\/monsieursaucisse.com\\\/wp-content\\\/uploads\\\/2024\\\/06\\\/Mayonnaise-Erable.png\",\"width\":754,\"height\":730},{\"@type\":\"BreadcrumbList\",\"@id\":\"https:\\\/\\\/monsieursaucisse.com\\\/en\\\/produit\\\/maple-mayonnaise\\\/#breadcrumb\",\"itemListElement\":[{\"@type\":\"ListItem\",\"position\":1,\"name\":\"Accueil\",\"item\":\"https:\\\/\\\/monsieursaucisse.com\\\/en\\\/\"},{\"@type\":\"ListItem\",\"position\":2,\"name\":\"Shop\",\"item\":\"https:\\\/\\\/monsieursaucisse.com\\\/en\\\/shop\\\/\"},{\"@type\":\"ListItem\",\"position\":3,\"name\":\"Maple Mayonnaise\"}]},{\"@type\":\"WebSite\",\"@id\":\"https:\\\/\\\/monsieursaucisse.com\\\/en\\\/#website\",\"url\":\"https:\\\/\\\/monsieursaucisse.com\\\/en\\\/\",\"name\":\"Monsieur Saucisse\",\"description\":\"Pasionn\u00e9 de l&#039;art culinaire\",\"potentialAction\":[{\"@type\":\"SearchAction\",\"target\":{\"@type\":\"EntryPoint\",\"urlTemplate\":\"https:\\\/\\\/monsieursaucisse.com\\\/en\\\/?s={search_term_string}\"},\"query-input\":{\"@type\":\"PropertyValueSpecification\",\"valueRequired\":true,\"valueName\":\"search_term_string\"}}],\"inLanguage\":\"en-US\"}]}<\/script>\n<!-- \/ Yoast SEO plugin. -->","yoast_head_json":{"title":"Maple Mayonnaise - Monsieur Saucisse","robots":{"index":"index","follow":"follow","max-snippet":"max-snippet:-1","max-image-preview":"max-image-preview:large","max-video-preview":"max-video-preview:-1"},"canonical":"https:\/\/monsieursaucisse.com\/en\/produit\/maple-mayonnaise\/","og_locale":"en_US","og_type":"article","og_title":"Maple Mayonnaise - Monsieur Saucisse","og_description":"Canola oil, whole eggs, water, egg yolk, vinegar, sugar, salt, lemon juice concentrate, mustard, calcium disodium EDTA, maple seasoning mix,","og_url":"https:\/\/monsieursaucisse.com\/en\/produit\/maple-mayonnaise\/","og_site_name":"Monsieur Saucisse","og_image":[{"width":754,"height":730,"url":"https:\/\/monsieursaucisse.com\/wp-content\/uploads\/2024\/06\/Mayonnaise-Erable.png","type":"image\/png"}],"twitter_card":"summary_large_image","schema":{"@context":"https:\/\/schema.org","@graph":[{"@type":"WebPage","@id":"https:\/\/monsieursaucisse.com\/en\/produit\/maple-mayonnaise\/","url":"https:\/\/monsieursaucisse.com\/en\/produit\/maple-mayonnaise\/","name":"Maple Mayonnaise - Monsieur Saucisse","isPartOf":{"@id":"https:\/\/monsieursaucisse.com\/en\/#website"},"primaryImageOfPage":{"@id":"https:\/\/monsieursaucisse.com\/en\/produit\/maple-mayonnaise\/#primaryimage"},"image":{"@id":"https:\/\/monsieursaucisse.com\/en\/produit\/maple-mayonnaise\/#primaryimage"},"thumbnailUrl":"https:\/\/monsieursaucisse.com\/wp-content\/uploads\/2024\/06\/Mayonnaise-Erable.png","datePublished":"2024-06-12T14:58:23+00:00","breadcrumb":{"@id":"https:\/\/monsieursaucisse.com\/en\/produit\/maple-mayonnaise\/#breadcrumb"},"inLanguage":"en-US","potentialAction":[{"@type":"ReadAction","target":["https:\/\/monsieursaucisse.com\/en\/produit\/maple-mayonnaise\/"]}]},{"@type":"ImageObject","inLanguage":"en-US","@id":"https:\/\/monsieursaucisse.com\/en\/produit\/maple-mayonnaise\/#primaryimage","url":"https:\/\/monsieursaucisse.com\/wp-content\/uploads\/2024\/06\/Mayonnaise-Erable.png","contentUrl":"https:\/\/monsieursaucisse.com\/wp-content\/uploads\/2024\/06\/Mayonnaise-Erable.png","width":754,"height":730},{"@type":"BreadcrumbList","@id":"https:\/\/monsieursaucisse.com\/en\/produit\/maple-mayonnaise\/#breadcrumb","itemListElement":[{"@type":"ListItem","position":1,"name":"Accueil","item":"https:\/\/monsieursaucisse.com\/en\/"},{"@type":"ListItem","position":2,"name":"Shop","item":"https:\/\/monsieursaucisse.com\/en\/shop\/"},{"@type":"ListItem","position":3,"name":"Maple Mayonnaise"}]},{"@type":"WebSite","@id":"https:\/\/monsieursaucisse.com\/en\/#website","url":"https:\/\/monsieursaucisse.com\/en\/","name":"Monsieur Saucisse","description":"Pasionn\u00e9 de l&#039;art culinaire","potentialAction":[{"@type":"SearchAction","target":{"@type":"EntryPoint","urlTemplate":"https:\/\/monsieursaucisse.com\/en\/?s={search_term_string}"},"query-input":{"@type":"PropertyValueSpecification","valueRequired":true,"valueName":"search_term_string"}}],"inLanguage":"en-US"}]}},"_links":{"self":[{"href":"https:\/\/monsieursaucisse.com\/en\/wp-json\/wp\/v2\/product\/1165","targetHints":{"allow":["GET"]}}],"collection":[{"href":"https:\/\/monsieursaucisse.com\/en\/wp-json\/wp\/v2\/product"}],"about":[{"href":"https:\/\/monsieursaucisse.com\/en\/wp-json\/wp\/v2\/types\/product"}],"wp:featuredmedia":[{"embeddable":true,"href":"https:\/\/monsieursaucisse.com\/en\/wp-json\/wp\/v2\/media\/1044"}],"wp:attachment":[{"href":"https:\/\/monsieursaucisse.com\/en\/wp-json\/wp\/v2\/media?parent=1165"}],"wp:term":[{"taxonomy":"product_brand","embeddable":true,"href":"https:\/\/monsieursaucisse.com\/en\/wp-json\/wp\/v2\/product_brand?post=1165"},{"taxonomy":"product_cat","embeddable":true,"href":"https:\/\/monsieursaucisse.com\/en\/wp-json\/wp\/v2\/product_cat?post=1165"},{"taxonomy":"product_tag","embeddable":true,"href":"https:\/\/monsieursaucisse.com\/en\/wp-json\/wp\/v2\/product_tag?post=1165"}],"curies":[{"name":"wp","href":"https:\/\/api.w.org\/{rel}","templated":true}]}}